{"id":4938,"date":"2021-03-23T22:31:49","date_gmt":"2021-03-23T20:31:49","guid":{"rendered":"https:\/\/www.multirent.ee\/muugitingimused\/"},"modified":"2021-03-23T22:31:49","modified_gmt":"2021-03-23T20:31:49","slug":"muugitingimused","status":"publish","type":"page","link":"https:\/\/www.multirent.ee\/ru\/muugitingimused\/","title":{"rendered":"M\u00fc\u00fcgitingimused"},"content":{"rendered":"<p><b>M\u00fc\u00fcgitingimused<\/b><\/p>\n<ol>\n<li><span style=\"font-weight: 400;\"> \u00dcLDTINGIMUSED<\/span><\/li>\n<\/ol>\n<p><span style=\"font-weight: 400;\">K\u00e4esolevad Multi Traktor O\u00dc broneerimiss\u00fcsteemi kasutustingimused (edaspidi \u00dcldtingimused) reguleerivad aadressil www.multirent.ee asuva rakenduse (edaspidi Broneerimiss\u00fcsteem) haldaja, kelleks on Multi Traktor O\u00dc (registrikood 14437114, asukoht Orasheina tee 1, Maardu, Harjumaa, 74117, tel +372 53561110, e-post info@multirent.ee, edaspidi M\u00fc\u00fcja), ja MultiRent.ee Broneerimiss\u00fcsteemi kasutaja (edaspidi Ostja) vahelisi MultiRent.ee broneerimiss\u00fcsteemi kasutamisest ja selle k\u00e4igus s\u00f5lmitavatest tehingutest tulenevaid \u00f5igussuhteid, samuti MultiRent.ee kasutamise \u00fcldtingimusi.<\/span><\/p>\n<p><span style=\"font-weight: 400;\">1.1 MultiRent.ee Broneerimiss\u00fcsteem h\u00f5lmab endas v\u00f5imalust Ostjal s\u00f5lmida Multi Traktor O\u00dc internetikeskkonnas M\u00fc\u00fcjaga ostu-m\u00fc\u00fcgileping MultiRent.ee kodulehel pakutava(te) teenuste suhtes. Lisaks sellele on t\u00e4psem ja t\u00e4ielik Multi Traktor O\u00dc teenuste loetelu ja kirjeldus \u00e4ra toodud Multi Traktor O\u00dc kodulehek\u00fcljel www.MultiRent.ee<\/span><\/p>\n<p><span style=\"font-weight: 400;\">1.1.1 Ostjaks v\u00f5ib olla v\u00e4hemalt 18-aastane f\u00fc\u00fcsiline isik ja iga juriidiline isik, kes enne ostu-m\u00fc\u00fcgitehingu teostamist ja ka muid Multi Traktori teenuseid kasutamist kinnitab, et on \u00dcldtingimustega tutvunud ning n\u00f5ustub ja kohustub neid t\u00e4itma.<\/span><\/p>\n<p><span style=\"font-weight: 400;\">1.1.2 Juhul, kui f\u00fc\u00fcsilisest isikust Ostja on alla 18-aastane, kinnitab Ostja ostu-m\u00fc\u00fcgitehingu sooritamisega, et tema poolt M\u00fc\u00fcjaga s\u00f5lmitava tehingu on tema seaduslik esindaja vastavalt seadusele eelnevalt heaks kiitnud v\u00f5i ta t\u00e4idab tehingu vahenditega, mille andis talle selleks otstarbeks v\u00f5i vabaks kasutamiseks tema seaduslik esindaja v\u00f5i viimase n\u00f5usolekul kolmas isik.<\/span><\/p>\n<p><span style=\"font-weight: 400;\">1.2 Enne teenuse suhtes ostu-m\u00fc\u00fcgitehingu teostamist ja ka muid Multi Traktor O\u00dc teenuseid kasutades kinnitab Ostja, et ta on \u00dcldtingimustega tutvunud, n\u00f5ustub neid t\u00e4itma ja j\u00e4rgima ning k\u00e4sitleb neid M\u00fc\u00fcjaga s\u00f5lmitava tehingu siduvate tingimustena. \u00dcldtingimustega mitten\u00f5ustuval Ostjal on keelatud M\u00fc\u00fcjaga sooritada Kauba suhtes ostu-m\u00fc\u00fcgitehingut.<\/span><\/p>\n<p><span style=\"font-weight: 400;\">1.3 Lisaks \u00dcldtingimustele reguleerivad M\u00fc\u00fcja ja Ostja vahelisi Multi Traktori kasutamisest tekkivaid \u00f5igussuhteid ka Eesti Vabariigis kehtivad \u00f5igusaktid, millistest tuleb M\u00fc\u00fcjal ja Ostjal l\u00e4htuda ka \u00dcldtingimustes eraldi reguleerimata j\u00e4\u00e4nud k\u00fcsimustes.<\/span><\/p>\n<p><span style=\"font-weight: 400;\">\u00a0<\/span><\/p>\n<ol start=\"2\">\n<li><span style=\"font-weight: 400;\"> M\u00dc\u00dcJA VASTUTUS LISANDUVA MATERJALI VASTAVUSE PUHUL JA MATERJALI M\u00dc\u00dcGIGARANTII<\/span><\/li>\n<\/ol>\n<p><span style=\"font-weight: 400;\">2.1 Ostjal on enne maha laadimist, materjali n\u00f5uetele mittevastavuse v\u00f5i puuduse korral \u00f5igus n\u00f5uda M\u00fc\u00fcjalt materjali vahetamist v\u00f5i selle asendamist n\u00f5uetele vastava ja puudusteta materjali vastu, selle v\u00f5imatuse v\u00f5i ebam\u00f5istlikkuse korral aga taganeda transpordi teenuse (edaspidi Transpordikulu) suhtes s\u00f5lmitud ostu-m\u00fc\u00fcgilepingust.<\/span><\/p>\n<p><span style=\"font-weight: 400;\">2.2 M\u00fc\u00fcja ei vastuta kauba kvaliteedi eest, kui Ostja ise soovib puudusega kaupa, v\u00f5i kauba puudusi on Ostjale selgitatud.<\/span><\/p>\n<p><span style=\"font-weight: 400;\">2.3 M\u00fc\u00fcja ei vastuta materjali mittevastavuse v\u00f5i ilmnenud puuduste eest, mis on tekkinud Ostja s\u00fc\u00fcl v\u00f5i muul viisil, peale materjali maha laadimist.<\/span><\/p>\n<p><span style=\"font-weight: 400;\">2.4 M\u00fc\u00fcdava materjali suhtes v\u00f5ib, kuid ei pruugi kehtida ka materjali tootja poolt antav m\u00fc\u00fcgigarantii, mille t\u00e4psem sisu, t\u00e4htaeg, kehtivusala jm tingimused on m\u00e4\u00e4ratud konkreetse materjali tootja tingimustes. Ostjal on \u00f5igus teda huvitava materjali tootja m\u00fc\u00fcgigarantii olemasolu ja t\u00e4psemate tingimuste kohta info saamiseks p\u00f6\u00f6rduda M\u00fc\u00fcja poole kasutades selleks Multi Traktor O\u00dc e-maili saates p\u00e4ring aadressile info@multirent.ee, helistades telefoninumbrile 5356 1110.<\/span><\/p>\n<p><span style=\"font-weight: 400;\">\u00a0<\/span><\/p>\n<ol start=\"3\">\n<li><span style=\"font-weight: 400;\"> TEENUS, HINNAD, K\u00c4TTESAADAVUS\u00a0 \u00a0<\/span><\/li>\n<\/ol>\n<p><span style=\"font-weight: 400;\">3.1 K\u00f5ikide MultiRent.ee kodulehel m\u00fc\u00fcdavate teenuste hinnad on eurodes ja sisaldavad Eesti Vabariigis ostu-m\u00fc\u00fcgitehingu sooritamise hetkel kehtivat k\u00e4ibemaksu, samuti muid riiklikke v\u00f5i kohaliku omavalitsuse poolt kehtestatud makse.<\/span><\/p>\n<p><span style=\"font-weight: 400;\">3.2 Lisaks Transpordikulu ostu-m\u00fc\u00fcgihinnale kohustub Ostja tasuma ka transportija poolt veatava materjali hankekulud. V\u00e4ljaspool kodulehel kirjeldatud Tsoone on Transpordikulu suurus kokkuleppel ja tehingu s\u00f5lmimisel (seehulgas telefoni teel) n\u00f5ustutakse \u00dcldtingimustega.<\/span><\/p>\n<p><span style=\"font-weight: 400;\">3.3 Hangitava materjali kulud lisanduvad Transpordikulule ja tarnitava materjali kogus v\u00f5ib varieeruda +\/- 20% ulatuses.<\/span><\/p>\n<p><span style=\"font-weight: 400;\">3.4 M\u00fc\u00fcjal on ilma ette teatamata igal hetkel \u00f5igus muuta hindu ja tingimusi. Juhul, kui M\u00fc\u00fcja muudab Transpordikulu hindu p\u00e4rast Ostja poolt Kauba suhtes tellimuse esitamist, kohustub M\u00fc\u00fcja m\u00fc\u00fcma Kauba Ostjale hinnaga, mis kehtis Ostja poolt ostu-m\u00fc\u00fcgitehingu s\u00f5lmimise hetkel. Kui M\u00fc\u00fcja poolt muudetud hind on soodsam Ostja poolt ostu-m\u00fc\u00fcgitehingu s\u00f5lmimise hetkel kehtinud hinnast, ei ole Ostjal \u00f5igust n\u00f5uda M\u00fc\u00fcjalt hinnavahe h\u00fcvitamist v\u00f5i Kauba m\u00fc\u00fcmist p\u00e4rast ostu-m\u00fc\u00fcgitehingu s\u00f5lmimist kehtestatud soodsama hinnaga.<\/span><\/p>\n<p><span style=\"font-weight: 400;\">3.5 Juhul, kui tehnilise vea t\u00f5ttu on MultiRent.ee kodulehel pakutava Transpordikulu hind muutunud\/muudetud v\u00f5rreldes vastava tavalise turuhinnaga ebam\u00f5istlikult odavaks ja M\u00fc\u00fcja ei ole Kauba juures eraldi m\u00e4rkinud, et tegemist on tema poolt Kaubale kehtestatud allahindlusega, siis on M\u00fc\u00fcjal \u00f5igus taganeda sellise tehnilise vea t\u00f5ttu tekkinud vigase hinnaga Ostja poolt s\u00f5lmitud ostu-m\u00fc\u00fcgitehingust eeldusel, et M\u00fc\u00fcja ei ole Kaupa Ostjale veel ostu-m\u00fc\u00fcgitehingu t\u00e4itmiseks sihtkohta saatnud.<\/span><\/p>\n<p><span style=\"font-weight: 400;\">3.6 Ostja peab MultiRent.ee Broneerimiss\u00fcsteemi kasutades arvestama, et materjali tellimisel v\u00f5ib materjali soovitav kogus tegelikust saadavusest erineda. Samuti peab Ostja arvestama, et tema poolt soovitav transpordi teenus broneeritakse M\u00fc\u00fcja poolt Ostjale alles p\u00e4rast Transpordikulu eest tasumist \u00dcldtingimustes s\u00e4testatud tingimustel ja M\u00fc\u00fcja poolt Ostjale arve vormistamist. Seet\u00f5ttu ei vastuta M\u00fc\u00fcja selle eest, kui Ostja poolt soovitud materjal on otsas v\u00f5i seda ei ole v\u00f5imalik hankida Multi Traktor O\u00dcst mitteolenevatel p\u00f5hjustel. M\u00f5lemal viimasel juhul sooritatud ostu-m\u00fc\u00fcgitehingu eest ei vastuta M\u00fc\u00fcja Ostjale tekkida v\u00f5ivate v\u00f5imalike kahjude eest. Kui selgub, et materjali ei ole v\u00f5imalik hankida siis maksab Multi Traktor O\u00dc tehingu summa tagasi v\u00f5i vahetab soovitud materjali tellija n\u00f5usolekul. Ostjal ei ole sellises olukorras \u00f5igust n\u00f5uda M\u00fc\u00fcjalt ostu-m\u00fc\u00fcgitehingu t\u00e4itmist ega ka v\u00f5imalike kahjude h\u00fcvitamist.<\/span><\/p>\n<p><span style=\"font-weight: 400;\">3.7 Ostja on kohustatud MultiRent.ee Broneerimiss\u00fcsteemi kasutades arvestama, et materjali tooteinfo lehek\u00fcljel kuvatavad tootefotod on illustratiivse t\u00e4hendusega ning v\u00f5ivad m\u00f5nev\u00f5rra erineda Kauba tegelikust v\u00e4ljan\u00e4gemisest. Ostjat huvitava Kauba kohta t\u00e4ieliku \u00fclevaate (sh toote tehnilised omadused ja v\u00e4ljan\u00e4gemine) saamiseks on Ostjal \u00f5igus p\u00f6\u00f6rduda M\u00fc\u00fcja poole l\u00e4bi e-kirja teel saadetava p\u00e4ringu aadressile info@multirent.ee v\u00f5i helistades telefoninumbrile 5356 1110<\/span><\/p>\n<p><span style=\"font-weight: 400;\">\u00a0<\/span><\/p>\n<ol start=\"4\">\n<li><span style=\"font-weight: 400;\"> TELLIMUSE VORMISTAMINE<\/span><\/li>\n<\/ol>\n<p><span style=\"font-weight: 400;\">4.1 Ostja poolt MultiRent.ee Broneerimiss\u00fcsteemis v\u00e4lja valitud teenuse suhtes ostu-m\u00fc\u00fcgitehingu sooritamiseks tuleb Ostjal lisada kauba soovitav kohale toimetamise viis, asukoht ja materjal virtuaalsesse ostukorvi.<\/span><\/p>\n<p><span style=\"font-weight: 400;\">Vali esilehelt soovitud materjal. Selleks kliki materjali ees olevale ringile v\u00f5i vali materjali soovitud kogus.<\/span><\/p>\n<p><span style=\"font-weight: 400;\">Vaata esilehel olevat kaarti, MultiRent.ee tegutseb kolmes piirkonnas: Tallinnas, Tallinnas ja selle l\u00e4hi\u00fcmbruses ja Harjumaa l\u00e4hi\u00fcmbruses. Vali oma asukoht kolme piirkonna vahel klikkides sobiliku asukoha ees olevale ringile.<\/span><\/p>\n<p><span style=\"font-weight: 400;\">Vali Sulle sobilik kohaletoimetamise aeg klikkides soovitud aja ees olevale ringile.<\/span><\/p>\n<p><span style=\"font-weight: 400;\">Koorma tellimiseks kliki nupule \u201cTelli koorem\u201d ja liigu edasi OstuKorvi lehele.<\/span><\/p>\n<p><span style=\"font-weight: 400;\">OstuKorvi lehel veendu oma tellimuse sisus, vaadates \u00fcle, kas valitud materjal, kogus ja tarneaeg on \u00f5ige. Vajadusel saad lisada OstuKorvisse ka teisi materjale. Tuletame meelde, et lisades mitu materjali OstuKorvisse, on vaja igale materjalile valida eraldi kohaletoimetamise aeg.<\/span><\/p>\n<p><span style=\"font-weight: 400;\">Tellimuse kinnitamiseks sisesta oma kontaktandmed ja tarneaadress. Veendu, et sisestatud info on korrektne.<\/span><\/p>\n<p><span style=\"font-weight: 400;\">Vali sobiv makseviis klikkides soovitud valiku ees olevale ringile. Kui tasud panga\u00fclekandega, suunatakse Sind pangalehele. P\u00e4rast makse sooritamist pangas vajuta kindlasti nupule \u201cTagasi kaupmehe juurde\u201d. Kui tasud sularahas, toimub maksmine materjali \u00fcle andes kohapeal. P\u00e4rast tellimuse kinnitamist saadame arve Sinu poolt sisestatud e-maili aadressile.<\/span><\/p>\n<p><span style=\"font-weight: 400;\">Kui vajad abi ostu sooritamisel, v\u00f5ta julgelt \u00fchendust meie klienditeenindusega kirjutades aadressil info@multirent.ee v\u00f5i helistades numbril 5356 1110.<\/span><\/p>\n<p><span style=\"font-weight: 400;\">\u00a0<\/span><\/p>\n<ol start=\"5\">\n<li><span style=\"font-weight: 400;\"> TELLIMUSE T\u00c4ITMINE<\/span><\/li>\n<\/ol>\n<p><span style=\"font-weight: 400;\">5.1 Ostja on kohustatud M\u00fc\u00fcjat teavitama kui Ostja objekt asub veoautokeelualas v\u00f5i massipiirangu alas. Juhul kui Ostja ei ole M\u00fc\u00fcjat eelnevalt nimetatud asjaoludest teavitanud, siis ei vastuta M\u00fc\u00fcja tellimuse ajalise viibimise v\u00f5i edasil\u00fckkumise eest, ning sellega Ostjale tekitatud kahjude eest. Ajaline viibimine on aeg, mis on vajalik l\u00e4bip\u00e4\u00e4su loa taotlemiseks. Samuti peab Ostja tasuma M\u00fc\u00fcjale k\u00f5ik tekitatud kulud (sh. t\u00fchis\u00f5idu), mis on tehtud materjali kohale toimetamiseks ja l\u00e4bip\u00e4\u00e4suloa taotlemiseks.\u00a0\u00a0<\/span><\/p>\n<p><span style=\"font-weight: 400;\">5.3\u00a0 \u00a0 Ostja n\u00e4itab sihtpunktis koorma maha laadimise koha. Kui kohta ei n\u00e4idata Ostja\/kliendi poolt valib sobivaima koha autojuht. Masinate suuruse ja raske kaalu t\u00f5ttu ei vastuta M\u00fc\u00fca mistahes n\u00f5uete eest mis on tekkinud sihtpunktis koorma maha laadimisel v\u00f5i Ostja poolt n\u00e4idatud kohta man\u00f6\u00f6verdamisel seehulgas \u00e4\u00e4rekividele, unikivile, murule, postidele, elektriliinidele ja muudele objektidele tekitatud kahjude eest. Auto kinni j\u00e4\u00e4misel Kliendi poolt soovitud sihtkohta man\u00f6\u00f6verdamisel katab v\u00e4ljat\u00f5mbamise kulud Ostja. Evakuaatori ehk veoauto puksiiri tunnihind on al. 85eur\/h + k\u00e4ibemaks.\u00a0\u00a0<\/span><\/p>\n<p><span style=\"font-weight: 400;\">\u00a0<\/span><\/p>\n<p><span style=\"font-weight: 400;\">5.4 M\u00fc\u00fcja kohustub koheselt p\u00e4rast Tingimuste ostu-m\u00fc\u00fcgitehingu s\u00f5lmimise kohta informatsiooni saamist asuma ostu-m\u00fc\u00fcgitehingut t\u00e4itma, v\u00e4ljastades ostu-m\u00fc\u00fcgitehingu objektiks oleva Transpordikulu arve Ostja poolt m\u00e4rgitud e-postile. Paberarve v\u00e4ljastamise tasu ei ole, lisandub pakenduse ja transpordi kulu vastavalt Smartpost ja Omniva hinnakirjadele.<\/span><\/p>\n<p><span style=\"font-weight: 400;\">5.5 Ostja ostetud Kaup toimetatakse Ostja poolt m\u00e4rgitud Eesti Vabariigis asuvasse sihtkohta Broneerimiss\u00fcsteemis m\u00e4rgitud tarneajaks ning Kauba \u00fcleandmine Ostjale toimub t\u00f6\u00f6p\u00e4eviti ajavahemikus 08:00-20:00. Kokkuleppel v\u00f5ib Kauba \u00fcleandmine toimuda ka teisel, Ostjale sobival ajal.<\/span><\/p>\n<p><span style=\"font-weight: 400;\">5.6 Kui p\u00e4rast ostu-m\u00fc\u00fcgitehingu s\u00f5lmimist selgub, et Ostja poolt ostetud materjali ei ole pakkuda ja see tuleb spetsiaalselt tarnijalt tellida ning on ilmne, et materjali kohaletoimetamine Broneerimiss\u00fcsteemis m\u00e4\u00e4ratud tarnet\u00e4htaja jooksul ei ole v\u00f5imalik, v\u00f5i muudel juhtudel, kui t\u00e4htaegne kohaletoimetamine ei ole v\u00f5imalik asjaoludel, mille eest M\u00fc\u00fcja ei vastuta, teatab sellest M\u00fc\u00fcja Ostjale viimase poolt tellimuse vormistamisel m\u00e4rgitud kontakttelefoni v\u00f5i elektronposti teel 2 t\u00f6\u00f6p\u00e4eva jooksul alates Kauba kohaletoimetamisega seotud probleemi asjaolust teadasaamisest ning \u00fchtlasi annab teada Ostja poolt tellitud materjali kohaletoimetamise orienteeruva t\u00e4htaja.<\/span><\/p>\n<p><span style=\"font-weight: 400;\">5.7 Juhul, kui materjali sihtkohta toimetamise tarnet\u00e4htaja viivitus v\u00f5i muu sellega seotud arusaamatus on tingitud Ostja poolt tellimuse vormistamisel esitatud isikuandmete ebat\u00e4psusest v\u00f5i eba\u00f5igsusest, ei vastuta sellise viivituse eest M\u00fc\u00fcja ning Ostjal puudub \u00f5igus k\u00e4esoleva Lepingu alusel ostu-m\u00fc\u00fcgilepingust taganemisel saada tekkinud kahjude h\u00fcvitamist ja n\u00f5uda raha tagasi.<\/span><\/p>\n<p><span style=\"font-weight: 400;\">5.8 Mittevastavast materjalist tuleb Ostjal kirjalikult esitada taotlus kompensatsiooniks, peale mida tuvastatakse 15. p\u00e4eva jooksul alates kirjaliku taotluse saamisest, kas Ostjal \u00f5igus kompensatsioonile. Kui ilmneb, et Ostja esitatud puudused on seotud tema poolse eksimusega tellimuse vormistamisel ning on esitatud ebat\u00e4pne v\u00f5i eba\u00f5ige info soovitud materjali kohta, puudub Ostjal \u00f5igus k\u00e4esoleva Lepingu alusel saada tekkinud kahjude h\u00fcvitamist ja n\u00f5uda raha tagasi v\u00f5i muud kompensatsiooni.<\/span><\/p>\n<p><span style=\"font-weight: 400;\">5.9 Ostja peab Transpordikulule lisandunud materjali k\u00e4ttesaamisel ja selle kasutusse v\u00f5tmisel arvestama, et peale teenuse (Transpordikulu) osutamist ja materjali \u00fcleandmist, ei vastuta M\u00fc\u00fca materjalile tekkinud kahjude eest. Samuti ei vastuta m\u00fc\u00fca v\u00f5imalike Ostja v\u00f5i v\u00e4\u00e4ramatu j\u00f5u poolt tekitatud kahjude eest, kui m\u00fc\u00fca ja ostja on kokku leppinud, et Kaup laaditakse maha Ostja m\u00e4\u00e4ratud sihtkohta ilma Ostja kohalolekuta ja Ostja v\u00e4ljendab suus\u00f5naliselt, et eemaloleku t\u00f5ttu ta ei soovi v\u00f5i tal ei ole v\u00f5imalik allkirjastada k\u00e4ttesaamise akti.\u00a0<\/span><\/p>\n<p><span style=\"font-weight: 400;\">\u00a0<\/span><\/p>\n<p><span style=\"font-weight: 400;\">5.10 Mittevastava v\u00f5i puudustega materjali kompensatsiooni\u00f5igus puudub, kui Ostja ei ole materjali eest tasunud v\u00f5i kui materjal on Ostja soovitud sihtkohta maha laaditud.\u00a0<\/span><\/p>\n<p><span style=\"font-weight: 400;\">\u00a0<\/span><\/p>\n<ol start=\"6\">\n<li><span style=\"font-weight: 400;\"> OSTU-M\u00dc\u00dcGILEPINGUST TAGANEMINE<\/span><\/li>\n<\/ol>\n<p><span style=\"font-weight: 400;\">6.1 Ostjal on \u00f5igus ostu-m\u00fc\u00fcgilepingust taganeda olukorras, kus Ostja ja M\u00fc\u00fcja vahel on ostu-m\u00fc\u00fcgitehing s\u00f5lmitud, kuid Kauba kohaletoimetamine Ostja poolt m\u00e4\u00e4ratud sihtkohta viibib M\u00fc\u00fcjast tuleneval p\u00f5hjusel ja m\u00fc\u00fcja ei ole Ostjat teavitanud vastavalt punkt 5.3 s\u00e4testatud tingimustel. Ostjal on \u00f5igus sellisest lepingust taganeda 2 t\u00f6\u00f6p\u00e4eva jooksul alates M\u00fc\u00fcjalt Kauba viibimise ja selle p\u00f5hjuste kohta teadasaamisest, esitades M\u00fc\u00fcjale vastavasisulise kirjalikku taasesitamist v\u00f5imaldavas vormis taganemisavalduse.<\/span><\/p>\n<p><span style=\"font-weight: 400;\">6.2 Broneerimiss\u00fcsteemis broneeritud Transpordikulust on v\u00f5imalik taganeda 7 p\u00e4eva enne Broneerimiss\u00fcsteemis m\u00e4rgitud kohaletoimetamise t\u00e4htaega.<\/span><\/p>\n<p><span style=\"font-weight: 400;\">6.3 Ostjal puudub \u00f5igus \u00dcldtingimuste alusel ostu-m\u00fc\u00fcgilepingust taganeda peale kauba kohaletoimetamist, kui ostu-m\u00fc\u00fcgilepingu objektile ehk Transpordikulule lisanduvaks materjaliks on:<\/span><\/p>\n<p><span style=\"font-weight: 400;\">6.3.1 Asi, mida ei saa selle olemuse t\u00f5ttu tagastada n\u00e4iteks liiv,muld,kruus,killustik jms maavarad.<\/span><\/p>\n<p><span style=\"font-weight: 400;\">6.4 Ostja poolt t\u00e4htajalise v\u00f5i M\u00fc\u00fcja eksimusest tingitud lepingust taganemise korral kohustub M\u00fc\u00fcja tagastama Ostjale Kauba eest tasutud ostu-m\u00fc\u00fcgihinna ja Transpordikulu.<\/span><\/p>\n<p><span style=\"font-weight: 400;\">6.5 M\u00fc\u00fcja kannab raha tagastatud Kauba eest tagasi Ostja poolt m\u00e4rgitud pangakontole hiljemalt 14 kalendrip\u00e4eva jooksul alates taganemisavalduse j\u00f5udmisest M\u00fc\u00fcjani.<\/span><\/p>\n<p><span style=\"font-weight: 400;\">6.6 M\u00fc\u00fcjal on \u00f5igus ostu-m\u00fc\u00fcgilepingust taganeda juhul, s.o olukorras, kus tehnilise vea t\u00f5ttu on MultiRent.ee pakutava Transpordikulu v\u00f5i teenuse objektile lisanduva materjali hind muutunud\/muudetud v\u00f5rreldes vastava Kauba tavalise turuhinnaga ebam\u00f5istlikult odavaks ja M\u00fc\u00fcja ei ole Kauba juures eraldi m\u00e4rkinud, et tegemist on tema poolt Kaubale kehtestatud allahindlusega, ning M\u00fc\u00fcja ei ole Kaupa Ostjale veel ostu-m\u00fc\u00fcgitehingu t\u00e4itmiseks sihtkohta saatnud. M\u00fc\u00fcjal on \u00f5igus ostu-m\u00fc\u00fcgilepingust taganeda ka olukorras, kus vahetult p\u00e4rast Ostja poolt Kauba eest tasumist selgub, et Ostja poolt soovitud Kaup on M\u00fc\u00fcjal otsa saanud. M\u00fc\u00fcjal on \u00f5igus eelkirjeldatud tehingutest taganeda 3 t\u00f6\u00f6p\u00e4eva jooksul alates tehingust teadasaamisest, esitades Ostjale vastavasisulise kirjalikku taasesitamist v\u00f5imaldavas vormis avalduse (eelistatult Ostja poolt m\u00e4rgitud e-posti aadressile). M\u00fc\u00fcja kohustub tehingust taganemise korral hiljemalt 10 kalendrip\u00e4eva jooksul tagastama Ostjale tema poolt Kauba eest tasutud ostu-m\u00fc\u00fcgihinna koos tasutud Transpordikuluga.<\/span><\/p>\n<p><span style=\"font-weight: 400;\">\u00a0<\/span><\/p>\n<p><span style=\"font-weight: 400;\">\u00a0<\/span><\/p>\n<ol start=\"7\">\n<li><span style=\"font-weight: 400;\"> VAIDLUSTE LAHENDAMINE JA \u00d5IGUSED<\/span><\/li>\n<\/ol>\n<p><span style=\"font-weight: 400;\">7.1 K\u00f5ik autori\u00f5igused MultiRent.ee kodulehel esitatud teostele kuuluvad M\u00fc\u00fcjale v\u00f5i on M\u00fc\u00fcja selleks eelnevalt omandanud vastava \u00f5iguse. Autori\u00f5igus laieneb ka k\u00e4esolevatele kasutajatingimustele.<\/span><\/p>\n<p><span style=\"font-weight: 400;\">7.2 Tingimuste osapooled vastutavad teineteise eest \u00dcldtingimuste rikkumisega tekitatud kahju eest Eesti Vabariigis kehtivates \u00f5igusaktides s\u00e4testatud juhtudel ja ulatuses. M\u00fc\u00fcja ei vastuta Ostjale tekitatud kahju eest v\u00f5i Kauba kohaletoimetamise viibimise eest juhul, kui kahju v\u00f5i Kauba kohaletoomise viibimine on tingitud asjaolust (v\u00e4\u00e4ramatu j\u00f5ud), mida M\u00fc\u00fcja ei saanud m\u00f5jutada ning mille saabumist M\u00fc\u00fcja ette ei n\u00e4inud ega v\u00f5inud ette n\u00e4ha.<\/span><\/p>\n<p><span style=\"font-weight: 400;\">7.3. Multi Traktor O\u00dc ei kompenseeri moraalset kahju, mida v\u00f5ib tekitada Ostjale k\u00e4ttetoimetamise aegade, hindade ja muude tingimuste muutmine k\u00e4esolevate \u00dcldtingimuste raames.<\/span><\/p>\n<p><span style=\"font-weight: 400;\">7.4. Multi Traktor O\u00dc ei kompenseeri Ostja kulusid, mis tekivad asjaoludest, et Ostja v\u00f5ttis enda peale kolmandate (Multi Traktor O\u00dcst mittes\u00f5ltuvate) isikute ees kohustusi.<\/span><\/p>\n<p><span style=\"font-weight: 400;\">7.5. Multi Traktor O\u00dc ei kompenseeri Ostjale koorma laadimisel tekitatud kahju ega tarneaegade, hindade ja muude tingimuste muutmise tagaj\u00e4rjena tekkinud kahju.\u00a0<\/span><\/p>\n<p><span style=\"font-weight: 400;\">7.6. Multi Traktor O\u00dc ei kompenseeri Ostjale mis tahes kaudset kahju, s.h saamata j\u00e4\u00e4nud tulu.<\/span><\/p>\n<p><span style=\"font-weight: 400;\">7.7. Multi Traktor O\u00dc ei vastuta mis tahes kahju eest, mis tekib Ostjale tulenevalt asjaolust, et Multi Traktor O\u00dc on kasutanud \u00f5igust Ostju-M\u00fc\u00fcgilepingust taganeda.<\/span><\/p>\n<p><span style=\"font-weight: 400;\">7.8 Ostja ei ole vabastatud lepingu tingimuste t\u00e4itmisest juhul kui ta ei ole tutvunud lepingu tingimustega v\u00f5i ei ole lepingust saanud aru muudel p\u00f5hjustel sh. keeleliste takistuste tekkimisel. \u00dcldtingimused toetuvad p\u00f5him\u00f5tetele, et Seaduse ja \u00dcldtingimuste mittetundmine ei vabasta tehingu pooli vastutusest.<\/span><\/p>\n<p><span style=\"font-weight: 400;\">7.9 Ostja ja M\u00fc\u00fcja vahel Multi Traktor O\u00dc Broneerimiss\u00fcsteemi kasutamisel, ostu-m\u00fc\u00fcgitehingu s\u00f5lmimisel ja t\u00e4itmisel tekkivad vaidlused \u00fcritavad osapooled \u00e4ra lahendada l\u00e4bir\u00e4\u00e4kimiste teel. Kokkuleppe mittesaavutamisel on Ostjal \u00f5igus p\u00f6\u00f6rduda oma \u00f5iguste kaitseks Tarbijakaitseametisse v\u00f5i kohtusse. Kohtusse p\u00f6\u00f6rdumise korral on Ostja ja M\u00fc\u00fcja leppinud kokkuleppelise kohtualluvusena kokku M\u00fc\u00fcja asukohaj\u00e4rgse kohtu.<\/span><\/p>\n<p><span style=\"font-weight: 400;\">7.10 Kui Ostja on juriidiline isik v\u00f5i f\u00fc\u00fcsilisest isikust ettev\u00f5tja, siis ostu-m\u00fc\u00fcgilepingule ei kohaldu tarbija eri\u00f5igusi puudutavad s\u00e4tted (nn tarbijakaitses\u00e4tted).<\/span><\/p>\n<p>&nbsp;<\/p>\n","protected":false},"excerpt":{"rendered":"<p>M\u00fc\u00fcgitingimused \u00dcLDTINGIMUSED K\u00e4esolevad Multi Traktor O\u00dc broneerimiss\u00fcsteemi kasutustingimused (edaspidi \u00dcldtingimused) reguleerivad aadressil www.multirent.ee asuva rakenduse (edaspidi Broneerimiss\u00fcsteem) haldaja, kelleks on Multi Traktor O\u00dc (registrikood 14437114, asukoht Orasheina tee 1, Maardu, Harjumaa, 74117, tel +372 53561110, e-post info@multirent.ee, edaspidi M\u00fc\u00fcja), ja MultiRent.ee Broneerimiss\u00fcsteemi kasutaja (edaspidi Ostja) vahelisi MultiRent.ee broneerimiss\u00fcsteemi kasutamisest ja selle k\u00e4igus s\u00f5lmitavatest tehingutest tulenevaid&hellip;<\/p>\n","protected":false},"author":1,"featured_media":0,"parent":0,"menu_order":0,"comment_status":"closed","ping_status":"closed","template":"","meta":[],"_links":{"self":[{"href":"https:\/\/www.multirent.ee\/ru\/wp-json\/wp\/v2\/pages\/4938"}],"collection":[{"href":"https:\/\/www.multirent.ee\/ru\/wp-json\/wp\/v2\/pages"}],"about":[{"href":"https:\/\/www.multirent.ee\/ru\/wp-json\/wp\/v2\/types\/page"}],"author":[{"embeddable":true,"href":"https:\/\/www.multirent.ee\/ru\/wp-json\/wp\/v2\/users\/1"}],"replies":[{"embeddable":true,"href":"https:\/\/www.multirent.ee\/ru\/wp-json\/wp\/v2\/comments?post=4938"}],"version-history":[{"count":0,"href":"https:\/\/www.multirent.ee\/ru\/wp-json\/wp\/v2\/pages\/4938\/revisions"}],"wp:attachment":[{"href":"https:\/\/www.multirent.ee\/ru\/wp-json\/wp\/v2\/media?parent=4938"}],"curies":[{"name":"wp","href":"https:\/\/api.w.org\/{rel}","templated":true}]}}